{"id":2562,"date":"2021-11-03T17:02:28","date_gmt":"2021-11-03T22:02:28","guid":{"rendered":"https:\/\/recruitment.nashgroup.com\/uma-carreira-de-enfermagem-nos-estados-unidos-2\/"},"modified":"2022-08-22T15:13:28","modified_gmt":"2022-08-22T20:13:28","slug":"uma-carreira-de-enfermagem-nos-estados-unidos-2","status":"publish","type":"page","link":"https:\/\/recruitment.nashgroup.com\/pt-br\/uma-carreira-de-enfermagem-nos-estados-unidos-2\/","title":{"rendered":"Uma Carreira de Enfermagem nos Estados Unidos 2"},"content":{"rendered":"\n<div class=\"wp-block-columns has-background is-layout-flex wp-container-core-columns-is-layout-9d6595d7 wp-block-columns-is-layout-flex\" style=\"background-color:#3c4774\">\n<div class=\"wp-block-column is-layout-flow wp-block-column-is-layout-flow\">\n<div class=\"wp-block-columns is-layout-flex wp-container-core-columns-is-layout-9d6595d7 wp-block-columns-is-layout-flex\">\n<div class=\"wp-block-column is-layout-flow wp-block-column-is-layout-flow\" style=\"flex-basis:33.33%\"><div class=\"wp-block-image is-style-rounded\">\n<figure class=\"aligncenter size-full\"><img loading=\"lazy\" decoding=\"async\" width=\"300\" height=\"279\" src=\"https:\/\/recruitment.nashgroup.com\/wp-content\/uploads\/2021\/11\/Nurses_302.jpg\" alt=\"\" class=\"wp-image-2000\"\/><\/figure><\/div>\n\n\n<p><\/p>\n<\/div>\n\n\n\n<div class=\"wp-block-column is-vertically-aligned-center is-layout-flow wp-block-column-is-layout-flow\" style=\"flex-basis:66.66%\">\n<h2 class=\"has-white-color has-text-color wp-block-heading\">  Uma Carreira de Enfermagem nos Estados Unidos da Am\u00e9rica  <\/h2>\n\n\n\n<p class=\"has-white-color has-text-color has-medium-font-size\">O Grupo Nash \u00e9 dedicado \u00e0 encontrar Enfermeiros interessados em seguir sua carreira profissional nos Estados Unidos. Oferecemos apoio individualizado aos Enfermeiros para que obtenham sua licen\u00e7a nos EUA, resid\u00eancia permanente gratuita (Green Card), realoca\u00e7\u00e3o e um emprego em alguns dos melhores hospitais dos EUA.<\/p>\n\n\n\n<p class=\"has-white-color has-text-color has-medium-font-size\">Com a orienta\u00e7\u00e3o do Grupo Nash, voc\u00ea \u00a0pode realizar os seus sonhos profissionais e construir uma vida est\u00e1vel nos EUA!<\/p>\n<\/div>\n<\/div>\n<\/div>\n<\/div>\n\n\n\n<p><\/p>\n","protected":false},"excerpt":{"rendered":"<p>Uma Carreira de Enfermagem nos Estados Unidos da Am\u00e9rica O Grupo Nash \u00e9 dedicado \u00e0 encontrar Enfermeiros interessados em seguir sua carreira profissional nos Estados Unidos. Oferecemos apoio individualizado aos &#8230;<\/p>\n","protected":false},"author":3,"featured_media":0,"parent":0,"menu_order":0,"comment_status":"closed","ping_status":"closed","template":"","meta":{"footnotes":""},"class_list":["post-2562","page","type-page","status-publish","hentry"],"_links":{"self":[{"href":"https:\/\/recruitment.nashgroup.com\/pt-br\/wp-json\/wp\/v2\/pages\/2562","targetHints":{"allow":["GET"]}}],"collection":[{"href":"https:\/\/recruitment.nashgroup.com\/pt-br\/wp-json\/wp\/v2\/pages"}],"about":[{"href":"https:\/\/recruitment.nashgroup.com\/pt-br\/wp-json\/wp\/v2\/types\/page"}],"author":[{"embeddable":true,"href":"https:\/\/recruitment.nashgroup.com\/pt-br\/wp-json\/wp\/v2\/users\/3"}],"replies":[{"embeddable":true,"href":"https:\/\/recruitment.nashgroup.com\/pt-br\/wp-json\/wp\/v2\/comments?post=2562"}],"version-history":[{"count":4,"href":"https:\/\/recruitment.nashgroup.com\/pt-br\/wp-json\/wp\/v2\/pages\/2562\/revisions"}],"predecessor-version":[{"id":2731,"href":"https:\/\/recruitment.nashgroup.com\/pt-br\/wp-json\/wp\/v2\/pages\/2562\/revisions\/2731"}],"wp:attachment":[{"href":"https:\/\/recruitment.nashgroup.com\/pt-br\/wp-json\/wp\/v2\/media?parent=2562"}],"curies":[{"name":"wp","href":"https:\/\/api.w.org\/{rel}","templated":true}]}}