{"id":2554,"date":"2021-10-06T23:27:19","date_gmt":"2021-10-07T04:27:19","guid":{"rendered":"https:\/\/recruitment.nashgroup.com\/passos-para-o-emprego-e-imigracao\/"},"modified":"2022-08-22T16:01:14","modified_gmt":"2022-08-22T21:01:14","slug":"passos-para-o-emprego-e-imigracao","status":"publish","type":"page","link":"https:\/\/recruitment.nashgroup.com\/pt-br\/passos-para-o-emprego-e-imigracao\/","title":{"rendered":"Passos para o Emprego e Imigra\u00e7\u00e3o"},"content":{"rendered":"\n<div style=\"height:100px\" aria-hidden=\"true\" class=\"wp-block-spacer\"><\/div>\n\n\n\n<div class=\"wp-block-columns is-layout-flex wp-container-core-columns-is-layout-9d6595d7 wp-block-columns-is-layout-flex\">\n<div class=\"wp-block-column is-layout-flow wp-block-column-is-layout-flow\">\n<h3 class=\"has-text-align-center wp-block-heading\"><strong>SAIBA QUE&nbsp;PASSOS&nbsp;S\u00c3O NECESS\u00c1RIOS PARA QUE UM<\/strong>&nbsp;<strong>ENFERMEIRO BRASILEIRO POSSA TRABALHAR<\/strong> <strong>E CUMPRIR OS REQUISITOS FEDERAIS DE IMIGRA\u00c7\u00c3O DOS ESTADOS UNIDOS<\/strong><\/h3>\n\n\n\n<div class=\"wp-block-columns is-layout-flex wp-container-core-columns-is-layout-9d6595d7 wp-block-columns-is-layout-flex\">\n<div class=\"wp-block-column is-layout-flow wp-block-column-is-layout-flow\"><\/div>\n\n\n\n<div class=\"wp-block-column is-layout-flow wp-block-column-is-layout-flow\">\n<div class=\"wp-block-buttons is-horizontal is-content-justification-center is-layout-flex wp-container-core-buttons-is-layout-499968f5 wp-block-buttons-is-layout-flex\">\n<div class=\"wp-block-button\"><a class=\"wp-block-button__link has-white-color has-text-color has-background\" href=\"https:\/\/recruitment.nashgroup.com\/pt-br\/passos-necessarios-para-trabalhar-nos-estados-unidos\/\" style=\"background-color:#3c4774\"><strong>VER PASSOS<\/strong><\/a><\/div>\n<\/div>\n<\/div>\n\n\n\n<div class=\"wp-block-column is-layout-flow wp-block-column-is-layout-flow\"><\/div>\n<\/div>\n<\/div>\n<\/div>\n\n\n\n<p><\/p>\n","protected":false},"excerpt":{"rendered":"<p>SAIBA QUE&nbsp;PASSOS&nbsp;S\u00c3O NECESS\u00c1RIOS PARA QUE UM&nbsp;ENFERMEIRO BRASILEIRO POSSA TRABALHAR E CUMPRIR OS REQUISITOS FEDERAIS DE IMIGRA\u00c7\u00c3O DOS ESTADOS UNIDOS<\/p>\n","protected":false},"author":3,"featured_media":0,"parent":0,"menu_order":0,"comment_status":"closed","ping_status":"closed","template":"","meta":{"footnotes":""},"class_list":["post-2554","page","type-page","status-publish","hentry"],"_links":{"self":[{"href":"https:\/\/recruitment.nashgroup.com\/pt-br\/wp-json\/wp\/v2\/pages\/2554","targetHints":{"allow":["GET"]}}],"collection":[{"href":"https:\/\/recruitment.nashgroup.com\/pt-br\/wp-json\/wp\/v2\/pages"}],"about":[{"href":"https:\/\/recruitment.nashgroup.com\/pt-br\/wp-json\/wp\/v2\/types\/page"}],"author":[{"embeddable":true,"href":"https:\/\/recruitment.nashgroup.com\/pt-br\/wp-json\/wp\/v2\/users\/3"}],"replies":[{"embeddable":true,"href":"https:\/\/recruitment.nashgroup.com\/pt-br\/wp-json\/wp\/v2\/comments?post=2554"}],"version-history":[{"count":6,"href":"https:\/\/recruitment.nashgroup.com\/pt-br\/wp-json\/wp\/v2\/pages\/2554\/revisions"}],"predecessor-version":[{"id":2738,"href":"https:\/\/recruitment.nashgroup.com\/pt-br\/wp-json\/wp\/v2\/pages\/2554\/revisions\/2738"}],"wp:attachment":[{"href":"https:\/\/recruitment.nashgroup.com\/pt-br\/wp-json\/wp\/v2\/media?parent=2554"}],"curies":[{"name":"wp","href":"https:\/\/api.w.org\/{rel}","templated":true}]}}