{"id":2529,"date":"2021-10-07T16:55:22","date_gmt":"2021-10-07T21:55:22","guid":{"rendered":"https:\/\/recruitment.nashgroup.com\/passos-necessarios-para-trabalhar-nos-estados-unidos\/"},"modified":"2022-08-22T16:46:22","modified_gmt":"2022-08-22T21:46:22","slug":"passos-necessarios-para-trabalhar-nos-estados-unidos","status":"publish","type":"page","link":"https:\/\/recruitment.nashgroup.com\/pt-br\/passos-necessarios-para-trabalhar-nos-estados-unidos\/","title":{"rendered":"Passos necess\u00e1rios para trabalhar nos Estados Unidos"},"content":{"rendered":"\n<section id=\"gmeed42a7\" class=\"wp-block-gutentor-m5 section-gmeed42a7 gutentor-module gutentor-module-slider gutentor-slick-a-default-desktop gutentor-module-caption-enabled\"><div class=\"gutentor-module-slider-row\" data-dots=\"false\" data-dotstablet=\"false\" data-dotsmobile=\"false\" data-nextarrow=\"fas fa-angle-right\" data-prevarrow=\"fas fa-angle-left\" data-arrows=\"true\" data-arrowstablet=\"true\" data-arrowsmobile=\"true\" data-fade=\"false\" data-draggable=\"true\" data-infinite=\"false\" data-autoplay=\"false\" data-pauseonfocus=\"true\" data-pauseonhover=\"true\" data-speed=\"300\" data-autoplayspeed=\"300\" data-arrowspositiondesktop=\"gutentor-slick-a-default-desktop\">\n<div id=\"col-gm75d17e\" class=\"wp-block-gutentor-m5-col col-gm75d17e gutentor-slider-item\"><div id=\"section-gm75d17e\" class=\"section-gm75d17e gutentor-col-wrap has-image-normal has-custom-bg\"><img decoding=\"async\" src=\"http:\/\/recruitment.nashgroup.com\/wp-content\/uploads\/2021\/10\/process.png\" alt=\"\"\/><div class=\"gutentor-slider-caption\"><div class=\"grid-container\"><\/div><\/div><\/div><\/div>\n<\/div><\/section>\n\n\n\n<div class=\"wp-block-columns is-layout-flex wp-container-core-columns-is-layout-9d6595d7 wp-block-columns-is-layout-flex\">\n<div class=\"wp-block-column is-layout-flow wp-block-column-is-layout-flow\"><\/div>\n<\/div>\n\n\n\n<h2 class=\"has-text-align-center wp-block-heading\"><strong>Passos necess\u00e1rios para um Enfermeiro brasileiro trabalhar nos Estados Unidos cumprindo os requisitos federais de imigra\u00e7\u00e3o:<\/strong><\/h2>\n\n\n\n<div class=\"wp-block-columns is-layout-flex wp-container-core-columns-is-layout-9d6595d7 wp-block-columns-is-layout-flex\">\n<div class=\"wp-block-column is-layout-flow wp-block-column-is-layout-flow\">\n<p><\/p>\n<\/div>\n<\/div>\n\n\n\n<section id=\"gm7565381\" class=\"wp-block-gutentor-m4 section-gm7565381 gutentor-module gutentor-advanced-columns\"><div class=\"grid-container\"><div class=\"grid-row\">\n<div id=\"col-gm0d93a4\" class=\"wp-block-gutentor-m4-col col-gm0d93a4 gutentor-single-column  grid-lg-2 grid-md-12 grid-12\"><div id=\"section-gm0d93a4\" class=\"section-gm0d93a4 gutentor-col-wrap\"><\/div><\/div>\n\n\n\n<div id=\"col-gma4e963\" class=\"wp-block-gutentor-m4-col col-gma4e963 gutentor-single-column  grid-lg-10 grid-md-12 grid-12\"><div id=\"section-gma4e963\" class=\"section-gma4e963 gutentor-col-wrap\">\n<div class=\"wp-block-columns is-layout-flex wp-container-core-columns-is-layout-9d6595d7 wp-block-columns-is-layout-flex\">\n<div class=\"wp-block-column is-layout-flow wp-block-column-is-layout-flow\">\n<div class=\"wp-block-columns is-layout-flex wp-container-core-columns-is-layout-9d6595d7 wp-block-columns-is-layout-flex\">\n<div class=\"wp-block-column has-white-background-color has-text-color has-background is-layout-flow wp-block-column-is-layout-flow\" style=\"color:#f5eeee\">\n<h5 class=\"wp-block-heading\">1. O GRUPO NASH ENTREVISTA O CANDIDATO E ANALISA A SUA FORMA\u00c7\u00c3O E EXPERI\u00caNCIA DE TRABALHO  <\/h5>\n<\/div>\n<\/div>\n\n\n\n<div class=\"wp-block-columns is-layout-flex wp-container-core-columns-is-layout-9d6595d7 wp-block-columns-is-layout-flex\">\n<div class=\"wp-block-column is-layout-flow wp-block-column-is-layout-flow\">\n<h5 class=\"wp-block-heading\">2. OS CANDIDATOS TRABALHAM COM OS NOSSOS COLABORADORES PARA AVALIAR E CERTIFICAR SUA HOMOLOGA\u00c7\u00c3O EM ENFERMAGEM <\/h5>\n<\/div>\n<\/div>\n\n\n\n<div class=\"wp-block-columns is-layout-flex wp-container-core-columns-is-layout-9d6595d7 wp-block-columns-is-layout-flex\">\n<div class=\"wp-block-column has-white-background-color has-background is-layout-flow wp-block-column-is-layout-flow\">\n<h5 class=\"wp-block-heading\">  3. OS CANDIDATOS REALIZAM E S\u00c3O APROVADOS NA PROVA NCLEX-RN (NATIONAL COUNCIL LICENSING EXAMINATION FOR REGISTERED NURSE)<\/h5>\n<\/div>\n<\/div>\n\n\n\n<div class=\"wp-block-columns is-layout-flex wp-container-core-columns-is-layout-9d6595d7 wp-block-columns-is-layout-flex\">\n<div class=\"wp-block-column is-layout-flow wp-block-column-is-layout-flow\">\n<h5 class=\"wp-block-heading\">4. OS CANDIDATOS ESTUDAM INGL\u00caS PARA REALIZA\u00c7\u00c3O E APROVA\u00c7\u00c3O NA PROVA DE PROFICI\u00caNCIA EM L\u00cdNGUA INGLESA<\/h5>\n<\/div>\n<\/div>\n\n\n\n<div class=\"wp-block-columns is-layout-flex wp-container-core-columns-is-layout-9d6595d7 wp-block-columns-is-layout-flex\">\n<div class=\"wp-block-column is-layout-flow wp-block-column-is-layout-flow\">\n<h5 class=\"wp-block-heading\">5. O GRUPO NASH ASSESSORA OS CANDIDATOS SOBRE:  <\/h5>\n\n\n\n<section id=\"gm658b786\" class=\"wp-block-gutentor-m4 section-gm658b786 gutentor-module gutentor-advanced-columns\"><div class=\"grid-container\"><div class=\"grid-row\">\n<div id=\"col-gm4c6dd7\" class=\"wp-block-gutentor-m4-col col-gm4c6dd7 gutentor-single-column  grid-lg-1 grid-md-12 grid-12\"><div id=\"section-gm4c6dd7\" class=\"section-gm4c6dd7 gutentor-col-wrap\"><\/div><\/div>\n\n\n\n<div id=\"col-gm4fb5ac\" class=\"wp-block-gutentor-m4-col col-gm4fb5ac gutentor-single-column  grid-lg-11 grid-md-12 grid-12\"><div id=\"section-gm4fb5ac\" class=\"section-gm4fb5ac gutentor-col-wrap\">\n<ul class=\"has-black-color has-text-color wp-block-list\"><li>O sistema de sa\u00fade dos E.U.A.<\/li><li>Como submeter-se com sucesso a uma entrevista com os empregadores de sa\u00fade atrav\u00e9s de reuni\u00f5es na Internet<\/li><\/ul>\n<\/div><\/div>\n<\/div><\/div><\/section>\n<\/div>\n<\/div>\n\n\n\n<div class=\"wp-block-columns is-layout-flex wp-container-core-columns-is-layout-9d6595d7 wp-block-columns-is-layout-flex\">\n<div class=\"wp-block-column is-layout-flow wp-block-column-is-layout-flow\">\n<h5 class=\"wp-block-heading\">  6. TODOS OS CANDIDATOS que recebem uma oferta de emprego ganham:<\/h5>\n\n\n\n<section id=\"gm523e189\" class=\"wp-block-gutentor-m4 section-gm523e189 gutentor-module gutentor-advanced-columns\"><div class=\"grid-container\"><div class=\"grid-row\">\n<div id=\"col-gmc1fbd8\" class=\"wp-block-gutentor-m4-col col-gmc1fbd8 gutentor-single-column  grid-lg-1 grid-md-12 grid-12\"><div id=\"section-gmc1fbd8\" class=\"section-gmc1fbd8 gutentor-col-wrap\"><\/div><\/div>\n\n\n\n<div id=\"col-gm710bde\" class=\"wp-block-gutentor-m4-col col-gm710bde gutentor-single-column  grid-lg-11 grid-md-12 grid-12\"><div id=\"section-gm710bde\" class=\"section-gm710bde gutentor-col-wrap\">\n<ul class=\"has-black-color has-text-color wp-block-list\"><li>PATROC\u00cdNIO HOSPITALAR para imigra\u00e7\u00e3o<\/li><li>Processo completo de imigra\u00e7\u00e3o para obter visto de resid\u00eancia permanente (Green Card) SEM CUSTO para o candidato, RELOCALIZA\u00c7\u00c3O GRATUITA e servi\u00e7os de assimila\u00e7\u00e3o para iniciar a carreira nos EUA<\/li><li>RELOCA\u00c7\u00c3O GRATUITA e servi\u00e7os de assimila\u00e7\u00e3o para iniciar a carreira nos EUA<\/li><li>TRABALHO DIRETO com o hospital<\/li><li>SEM TAXAS ou dedu\u00e7\u00f5es para o Grupo Nash<\/li><\/ul>\n<\/div><\/div>\n<\/div><\/div><\/section>\n<\/div>\n<\/div>\n<\/div>\n<\/div>\n<\/div><\/div>\n<\/div><\/div><\/section>\n","protected":false},"excerpt":{"rendered":"<p>Passos necess\u00e1rios para um Enfermeiro brasileiro trabalhar nos Estados Unidos cumprindo os requisitos federais de imigra\u00e7\u00e3o:<\/p>\n","protected":false},"author":3,"featured_media":0,"parent":0,"menu_order":0,"comment_status":"closed","ping_status":"closed","template":"template-fullwidth.php","meta":{"footnotes":""},"class_list":["post-2529","page","type-page","status-publish","hentry"],"_links":{"self":[{"href":"https:\/\/recruitment.nashgroup.com\/pt-br\/wp-json\/wp\/v2\/pages\/2529","targetHints":{"allow":["GET"]}}],"collection":[{"href":"https:\/\/recruitment.nashgroup.com\/pt-br\/wp-json\/wp\/v2\/pages"}],"about":[{"href":"https:\/\/recruitment.nashgroup.com\/pt-br\/wp-json\/wp\/v2\/types\/page"}],"author":[{"embeddable":true,"href":"https:\/\/recruitment.nashgroup.com\/pt-br\/wp-json\/wp\/v2\/users\/3"}],"replies":[{"embeddable":true,"href":"https:\/\/recruitment.nashgroup.com\/pt-br\/wp-json\/wp\/v2\/comments?post=2529"}],"version-history":[{"count":2,"href":"https:\/\/recruitment.nashgroup.com\/pt-br\/wp-json\/wp\/v2\/pages\/2529\/revisions"}],"predecessor-version":[{"id":2742,"href":"https:\/\/recruitment.nashgroup.com\/pt-br\/wp-json\/wp\/v2\/pages\/2529\/revisions\/2742"}],"wp:attachment":[{"href":"https:\/\/recruitment.nashgroup.com\/pt-br\/wp-json\/wp\/v2\/media?parent=2529"}],"curies":[{"name":"wp","href":"https:\/\/api.w.org\/{rel}","templated":true}]}}