{"id":2517,"date":"2021-09-29T17:43:55","date_gmt":"2021-09-29T22:43:55","guid":{"rendered":"https:\/\/recruitment.nashgroup.com\/fornecemos-o-melhor-processo-de-direct-hire-aos-sistemas-de-saude-dos-eua\/"},"modified":"2022-08-22T15:45:49","modified_gmt":"2022-08-22T20:45:49","slug":"fornecemos-o-melhor-processo-de-direct-hire-aos-sistemas-de-saude-dos-eua","status":"publish","type":"page","link":"https:\/\/recruitment.nashgroup.com\/pt-br\/fornecemos-o-melhor-processo-de-direct-hire-aos-sistemas-de-saude-dos-eua\/","title":{"rendered":"Proporcionamos o melhor processo de CONTRATAC\u00c3O DIRETA NOS Hospitais nos Estados Unidos"},"content":{"rendered":"\n<p>Nossos Enfermeiros s\u00e3o contratados diretamente para trabalhar nos hospitais. Como novo contratado, tornam-se membros efetivos da equipe de sa\u00fade do hospital desde sua chegada, com um visto de residente permanente (Green Card). Recebem o mesmo sal\u00e1rio e pacotes de benef\u00edcios que s\u00e3o oferecidos \u00e0 todos os empregados da institui\u00e7\u00e3o.<\/p>\n","protected":false},"excerpt":{"rendered":"<p>Nossos Enfermeiros s\u00e3o contratados diretamente para trabalhar nos hospitais. Como novo contratado, tornam-se membros efetivos da equipe de sa\u00fade do hospital desde sua chegada, com um visto de residente permanente &#8230;<\/p>\n","protected":false},"author":3,"featured_media":0,"parent":0,"menu_order":0,"comment_status":"closed","ping_status":"closed","template":"","meta":{"footnotes":""},"class_list":["post-2517","page","type-page","status-publish","hentry"],"_links":{"self":[{"href":"https:\/\/recruitment.nashgroup.com\/pt-br\/wp-json\/wp\/v2\/pages\/2517","targetHints":{"allow":["GET"]}}],"collection":[{"href":"https:\/\/recruitment.nashgroup.com\/pt-br\/wp-json\/wp\/v2\/pages"}],"about":[{"href":"https:\/\/recruitment.nashgroup.com\/pt-br\/wp-json\/wp\/v2\/types\/page"}],"author":[{"embeddable":true,"href":"https:\/\/recruitment.nashgroup.com\/pt-br\/wp-json\/wp\/v2\/users\/3"}],"replies":[{"embeddable":true,"href":"https:\/\/recruitment.nashgroup.com\/pt-br\/wp-json\/wp\/v2\/comments?post=2517"}],"version-history":[{"count":2,"href":"https:\/\/recruitment.nashgroup.com\/pt-br\/wp-json\/wp\/v2\/pages\/2517\/revisions"}],"predecessor-version":[{"id":2735,"href":"https:\/\/recruitment.nashgroup.com\/pt-br\/wp-json\/wp\/v2\/pages\/2517\/revisions\/2735"}],"wp:attachment":[{"href":"https:\/\/recruitment.nashgroup.com\/pt-br\/wp-json\/wp\/v2\/media?parent=2517"}],"curies":[{"name":"wp","href":"https:\/\/api.w.org\/{rel}","templated":true}]}}