{"id":2527,"date":"2021-10-07T16:55:22","date_gmt":"2021-10-07T21:55:22","guid":{"rendered":"https:\/\/recruitment.nashgroup.com\/pasos-necesarios-para-trabajar-en-estados-unidos\/"},"modified":"2022-08-26T15:45:12","modified_gmt":"2022-08-26T20:45:12","slug":"pasos-necesarios-para-trabajar-en-estados-unidos","status":"publish","type":"page","link":"https:\/\/recruitment.nashgroup.com\/es\/pasos-necesarios-para-trabajar-en-estados-unidos\/","title":{"rendered":"Pasos necesarios para trabajar en Estados Unidos"},"content":{"rendered":"\n<section id=\"gm746cc75\" class=\"wp-block-gutentor-m5 section-gm746cc75 gutentor-module gutentor-module-slider gutentor-slick-a-default-desktop gutentor-module-caption-enabled\"><div class=\"gutentor-module-slider-row\" data-dots=\"false\" data-dotstablet=\"false\" data-dotsmobile=\"false\" data-nextarrow=\"fas fa-angle-right\" data-prevarrow=\"fas fa-angle-left\" data-arrows=\"true\" data-arrowstablet=\"true\" data-arrowsmobile=\"true\" data-fade=\"false\" data-draggable=\"true\" data-infinite=\"false\" data-autoplay=\"false\" data-pauseonfocus=\"true\" data-pauseonhover=\"true\" data-speed=\"300\" data-autoplayspeed=\"300\" data-arrowspositiondesktop=\"gutentor-slick-a-default-desktop\">\n<div id=\"col-gm3fed74\" class=\"wp-block-gutentor-m5-col col-gm3fed74 gutentor-slider-item\"><div id=\"section-gm3fed74\" class=\"section-gm3fed74 gutentor-col-wrap has-image-normal has-custom-bg\"><img decoding=\"async\" src=\"http:\/\/recruitment.nashgroup.com\/wp-content\/uploads\/2021\/10\/process.png\" alt=\"\"\/><div class=\"gutentor-slider-caption\"><div class=\"grid-container\"><\/div><\/div><\/div><\/div>\n<\/div><\/section>\n\n\n\n<div class=\"wp-block-columns is-layout-flex wp-container-core-columns-is-layout-9d6595d7 wp-block-columns-is-layout-flex\">\n<div class=\"wp-block-column is-layout-flow wp-block-column-is-layout-flow\"><\/div>\n<\/div>\n\n\n\n<h2 class=\"has-text-align-center wp-block-heading\"><strong>Pasos necesarios para que una enfermera con formaci\u00f3n internacional pueda trabajar en Estados Unidos y cumplir con los requisitos federales de inmigraci\u00f3n de ese pa\u00eds:<\/strong><\/h2>\n\n\n\n<div class=\"wp-block-columns is-layout-flex wp-container-core-columns-is-layout-9d6595d7 wp-block-columns-is-layout-flex\">\n<div class=\"wp-block-column is-layout-flow wp-block-column-is-layout-flow\">\n<p><\/p>\n<\/div>\n<\/div>\n\n\n\n<section id=\"gmbb54920\" class=\"wp-block-gutentor-m4 section-gmbb54920 gutentor-module gutentor-advanced-columns\"><div class=\"grid-container\"><div class=\"grid-row\">\n<div id=\"col-gmeda1d1\" class=\"wp-block-gutentor-m4-col col-gmeda1d1 gutentor-single-column  grid-lg-2 grid-md-12 grid-12\"><div id=\"section-gmeda1d1\" class=\"section-gmeda1d1 gutentor-col-wrap\"><\/div><\/div>\n\n\n\n<div id=\"col-gm9825f5\" class=\"wp-block-gutentor-m4-col col-gm9825f5 gutentor-single-column  grid-lg-10 grid-md-12 grid-12\"><div id=\"section-gm9825f5\" class=\"section-gm9825f5 gutentor-col-wrap\">\n<div class=\"wp-block-columns is-layout-flex wp-container-core-columns-is-layout-9d6595d7 wp-block-columns-is-layout-flex\">\n<div class=\"wp-block-column is-layout-flow wp-block-column-is-layout-flow\">\n<div class=\"wp-block-columns is-layout-flex wp-container-core-columns-is-layout-9d6595d7 wp-block-columns-is-layout-flex\">\n<div class=\"wp-block-column has-white-background-color has-text-color has-background is-layout-flow wp-block-column-is-layout-flow\" style=\"color:#f5eeee\">\n<h5 class=\"wp-block-heading\">1. El THE Nash Group entrevista al candidato y revisa su formaci\u00f3n y experiencia laboral  <\/h5>\n<\/div>\n<\/div>\n\n\n\n<div class=\"wp-block-columns is-layout-flex wp-container-core-columns-is-layout-9d6595d7 wp-block-columns-is-layout-flex\">\n<div class=\"wp-block-column is-layout-flow wp-block-column-is-layout-flow\">\n<h5 class=\"wp-block-heading\">2. Los candidatos trabajan con nuestros ASOCIADOS para evaluar y certificar sus credenciales de enfermer\u00edA  <\/h5>\n<\/div>\n<\/div>\n\n\n\n<div class=\"wp-block-columns is-layout-flex wp-container-core-columns-is-layout-9d6595d7 wp-block-columns-is-layout-flex\">\n<div class=\"wp-block-column has-white-background-color has-background is-layout-flow wp-block-column-is-layout-flow\">\n<h5 class=\"wp-block-heading\">  3. Los candidatos realizan y aprueban el NCLEX-RN (National Council Licensing Examination for Registered Nurse)  <\/h5>\n<\/div>\n<\/div>\n\n\n\n<div class=\"wp-block-columns is-layout-flex wp-container-core-columns-is-layout-9d6595d7 wp-block-columns-is-layout-flex\">\n<div class=\"wp-block-column is-layout-flow wp-block-column-is-layout-flow\">\n<h5 class=\"wp-block-heading\">4. Los candidatos estudian ingl\u00e9s para realizar y aprobar un examen de competencia ling\u00fc\u00edstica en ingl\u00e9s  <\/h5>\n<\/div>\n<\/div>\n\n\n\n<div class=\"wp-block-columns is-layout-flex wp-container-core-columns-is-layout-9d6595d7 wp-block-columns-is-layout-flex\">\n<div class=\"wp-block-column is-layout-flow wp-block-column-is-layout-flow\">\n<h5 class=\"wp-block-heading\">5. El Grupo Nash educa a los candidatos sobre  <\/h5>\n\n\n\n<section id=\"gm2022694\" class=\"wp-block-gutentor-m4 section-gm2022694 gutentor-module gutentor-advanced-columns\"><div class=\"grid-container\"><div class=\"grid-row\">\n<div id=\"col-gmf02ca9\" class=\"wp-block-gutentor-m4-col col-gmf02ca9 gutentor-single-column  grid-lg-1 grid-md-12 grid-12\"><div id=\"section-gmf02ca9\" class=\"section-gmf02ca9 gutentor-col-wrap\"><\/div><\/div>\n\n\n\n<div id=\"col-gm103c9f\" class=\"wp-block-gutentor-m4-col col-gm103c9f gutentor-single-column  grid-lg-11 grid-md-12 grid-12\"><div id=\"section-gm103c9f\" class=\"section-gm103c9f gutentor-col-wrap\">\n<ul class=\"has-black-color has-text-color wp-block-list\"><li>El sistema hospitalario estadounidense<\/li><li>C\u00f3mo entrevistarse con \u00e9xito con empleadores del sector hospitalario a trav\u00e9s de reuniones por Internet<\/li><\/ul>\n<\/div><\/div>\n<\/div><\/div><\/section>\n<\/div>\n<\/div>\n\n\n\n<div class=\"wp-block-columns is-layout-flex wp-container-core-columns-is-layout-9d6595d7 wp-block-columns-is-layout-flex\">\n<div class=\"wp-block-column is-layout-flow wp-block-column-is-layout-flow\">\n<h5 class=\"wp-block-heading\">  6. Todos los candidatos a los que se les ofrece empleo reciben  <\/h5>\n\n\n\n<section id=\"gm0d6a0e7\" class=\"wp-block-gutentor-m4 section-gm0d6a0e7 gutentor-module gutentor-advanced-columns\"><div class=\"grid-container\"><div class=\"grid-row\">\n<div id=\"col-gm5ecff0\" class=\"wp-block-gutentor-m4-col col-gm5ecff0 gutentor-single-column  grid-lg-1 grid-md-12 grid-12\"><div id=\"section-gm5ecff0\" class=\"section-gm5ecff0 gutentor-col-wrap\"><\/div><\/div>\n\n\n\n<div id=\"col-gm6e67c4\" class=\"wp-block-gutentor-m4-col col-gm6e67c4 gutentor-single-column  grid-lg-11 grid-md-12 grid-12\"><div id=\"section-gm6e67c4\" class=\"section-gm6e67c4 gutentor-col-wrap\">\n<ul class=\"has-black-color has-text-color wp-block-list\"><li>PATROCINIO HOSPITALARIO para la inmigraci\u00f3n<\/li><li>Proceso completo de inmigraci\u00f3n para obtener un visado de residencia permanente (Green Card) SIN COSTO para el candidato<\/li><li>Servicios de reubicaci\u00f3n y asimilaci\u00f3n GRATUITOS para iniciar la carrera en los EE.UU.<\/li><li>EMPLEO DIRECTO con el con hospitalies<\/li><li>SIN CUOTAS ni compensaciones para The Nash Group<\/li><\/ul>\n<\/div><\/div>\n<\/div><\/div><\/section>\n<\/div>\n<\/div>\n<\/div>\n<\/div>\n<\/div><\/div>\n<\/div><\/div><\/section>\n","protected":false},"excerpt":{"rendered":"<p>Pasos necesarios para que una enfermera con formaci\u00f3n internacional pueda trabajar en Estados Unidos y cumplir con los requisitos federales de inmigraci\u00f3n de ese pa\u00eds:<\/p>\n","protected":false},"author":3,"featured_media":0,"parent":0,"menu_order":0,"comment_status":"closed","ping_status":"closed","template":"template-fullwidth.php","meta":{"footnotes":""},"class_list":["post-2527","page","type-page","status-publish","hentry"],"_links":{"self":[{"href":"https:\/\/recruitment.nashgroup.com\/es\/wp-json\/wp\/v2\/pages\/2527","targetHints":{"allow":["GET"]}}],"collection":[{"href":"https:\/\/recruitment.nashgroup.com\/es\/wp-json\/wp\/v2\/pages"}],"about":[{"href":"https:\/\/recruitment.nashgroup.com\/es\/wp-json\/wp\/v2\/types\/page"}],"author":[{"embeddable":true,"href":"https:\/\/recruitment.nashgroup.com\/es\/wp-json\/wp\/v2\/users\/3"}],"replies":[{"embeddable":true,"href":"https:\/\/recruitment.nashgroup.com\/es\/wp-json\/wp\/v2\/comments?post=2527"}],"version-history":[{"count":2,"href":"https:\/\/recruitment.nashgroup.com\/es\/wp-json\/wp\/v2\/pages\/2527\/revisions"}],"predecessor-version":[{"id":2755,"href":"https:\/\/recruitment.nashgroup.com\/es\/wp-json\/wp\/v2\/pages\/2527\/revisions\/2755"}],"wp:attachment":[{"href":"https:\/\/recruitment.nashgroup.com\/es\/wp-json\/wp\/v2\/media?parent=2527"}],"curies":[{"name":"wp","href":"https:\/\/api.w.org\/{rel}","templated":true}]}}