{"id":2558,"date":"2021-09-29T17:42:57","date_gmt":"2021-09-29T22:42:57","guid":{"rendered":"https:\/\/recruitment.nashgroup.com\/todos-os-nossos-enfermeiros-sao-apoiados-por-profissionais-de-saude-conhecedores\/"},"modified":"2022-08-22T15:30:26","modified_gmt":"2022-08-22T20:30:26","slug":"todos-os-nossos-enfermeiros-sao-apoiados-por-profissionais-de-saude-conhecedores","status":"publish","type":"page","link":"http:\/\/recruitment.nashgroup.com\/pt-br\/todos-os-nossos-enfermeiros-sao-apoiados-por-profissionais-de-saude-conhecedores\/","title":{"rendered":"Todos os nossos Enfermeiros s\u00e3o apoiados por assessores competentes!"},"content":{"rendered":"\n<p>Queremos que os nossos Enfermeiros saibam que somos especialistas na \u00e1rea do recrutamento.<br>Nossa equipe est\u00e1 empenhada com vasto conhecimento sobre cada parte do seu percurso profissional para os Estados Unidos, desde as pol\u00edticas de imigra\u00e7\u00e3o at\u00e9 as \u00e1reas burocr\u00e1ticas, jur\u00eddicas e legislativas. \u00c0 partir do momento de in\u00edcio de seu compromisso com o Grupo Nash, prestaremos apoio ao longo de todo o processo. Isto inclui parcerias para necessidades educacionais, preenchimento de documenta\u00e7\u00e3o, prepara\u00e7\u00e3o de entrevistas, sele\u00e7\u00e3o de hospitais, etc.<\/p>\n\n\n\n<p><\/p>\n","protected":false},"excerpt":{"rendered":"<p>Queremos que os nossos Enfermeiros saibam que somos especialistas na \u00e1rea do recrutamento.Nossa equipe est\u00e1 empenhada com vasto conhecimento sobre cada parte do seu percurso profissional para os Estados Unidos, &#8230;<\/p>\n","protected":false},"author":3,"featured_media":0,"parent":0,"menu_order":0,"comment_status":"closed","ping_status":"closed","template":"","meta":{"footnotes":""},"class_list":["post-2558","page","type-page","status-publish","hentry"],"_links":{"self":[{"href":"http:\/\/recruitment.nashgroup.com\/pt-br\/wp-json\/wp\/v2\/pages\/2558","targetHints":{"allow":["GET"]}}],"collection":[{"href":"http:\/\/recruitment.nashgroup.com\/pt-br\/wp-json\/wp\/v2\/pages"}],"about":[{"href":"http:\/\/recruitment.nashgroup.com\/pt-br\/wp-json\/wp\/v2\/types\/page"}],"author":[{"embeddable":true,"href":"http:\/\/recruitment.nashgroup.com\/pt-br\/wp-json\/wp\/v2\/users\/3"}],"replies":[{"embeddable":true,"href":"http:\/\/recruitment.nashgroup.com\/pt-br\/wp-json\/wp\/v2\/comments?post=2558"}],"version-history":[{"count":2,"href":"http:\/\/recruitment.nashgroup.com\/pt-br\/wp-json\/wp\/v2\/pages\/2558\/revisions"}],"predecessor-version":[{"id":2733,"href":"http:\/\/recruitment.nashgroup.com\/pt-br\/wp-json\/wp\/v2\/pages\/2558\/revisions\/2733"}],"wp:attachment":[{"href":"http:\/\/recruitment.nashgroup.com\/pt-br\/wp-json\/wp\/v2\/media?parent=2558"}],"curies":[{"name":"wp","href":"https:\/\/api.w.org\/{rel}","templated":true}]}}