{"id":2539,"date":"2021-09-29T17:43:25","date_gmt":"2021-09-29T22:43:25","guid":{"rendered":"https:\/\/recruitment.nashgroup.com\/sem-taxas\/"},"modified":"2022-08-22T15:34:38","modified_gmt":"2022-08-22T20:34:38","slug":"sem-taxas","status":"publish","type":"page","link":"http:\/\/recruitment.nashgroup.com\/pt-br\/sem-taxas\/","title":{"rendered":"Sem taxas"},"content":{"rendered":"\n<p>O Grupo Nash N\u00c3O cobra qualquer taxa! N\u00e3o cobramos comiss\u00e3o e nem reduzimos nada do seu sal\u00e1rio uma vez que esteja empregado nos Estados Unidos. Isto faz parte do nosso compromisso com voc\u00ea.<\/p>\n","protected":false},"excerpt":{"rendered":"<p>O Grupo Nash N\u00c3O cobra qualquer taxa! N\u00e3o cobramos comiss\u00e3o e nem reduzimos nada do seu sal\u00e1rio uma vez que esteja empregado nos Estados Unidos. Isto faz parte do nosso &#8230;<\/p>\n","protected":false},"author":3,"featured_media":0,"parent":0,"menu_order":0,"comment_status":"closed","ping_status":"closed","template":"","meta":{"footnotes":""},"class_list":["post-2539","page","type-page","status-publish","hentry"],"_links":{"self":[{"href":"http:\/\/recruitment.nashgroup.com\/pt-br\/wp-json\/wp\/v2\/pages\/2539","targetHints":{"allow":["GET"]}}],"collection":[{"href":"http:\/\/recruitment.nashgroup.com\/pt-br\/wp-json\/wp\/v2\/pages"}],"about":[{"href":"http:\/\/recruitment.nashgroup.com\/pt-br\/wp-json\/wp\/v2\/types\/page"}],"author":[{"embeddable":true,"href":"http:\/\/recruitment.nashgroup.com\/pt-br\/wp-json\/wp\/v2\/users\/3"}],"replies":[{"embeddable":true,"href":"http:\/\/recruitment.nashgroup.com\/pt-br\/wp-json\/wp\/v2\/comments?post=2539"}],"version-history":[{"count":2,"href":"http:\/\/recruitment.nashgroup.com\/pt-br\/wp-json\/wp\/v2\/pages\/2539\/revisions"}],"predecessor-version":[{"id":2734,"href":"http:\/\/recruitment.nashgroup.com\/pt-br\/wp-json\/wp\/v2\/pages\/2539\/revisions\/2734"}],"wp:attachment":[{"href":"http:\/\/recruitment.nashgroup.com\/pt-br\/wp-json\/wp\/v2\/media?parent=2539"}],"curies":[{"name":"wp","href":"https:\/\/api.w.org\/{rel}","templated":true}]}}