{"id":2523,"date":"2021-11-10T17:28:44","date_gmt":"2021-11-10T23:28:44","guid":{"rendered":"https:\/\/recruitment.nashgroup.com\/transicao-para-a-sua-nova-carreira-nos-e-u-a\/"},"modified":"2022-08-22T15:57:10","modified_gmt":"2022-08-22T20:57:10","slug":"transicao-para-a-sua-nova-carreira-nos-e-u-a","status":"publish","type":"page","link":"http:\/\/recruitment.nashgroup.com\/pt-br\/transicao-para-a-sua-nova-carreira-nos-e-u-a\/","title":{"rendered":"Transi\u00e7\u00e3o para a sua nova carreira nos E.U.A."},"content":{"rendered":"\n<p>Desde a aceita\u00e7\u00e3o do The Nash Group como sua assessoria, supervisionamos todos os aspectos da sua homologa\u00e7\u00e3o, prepara\u00e7\u00e3o para o novo emprego, imigra\u00e7\u00e3o, assimila\u00e7\u00e3o e bem-estar cont\u00ednuo nos EUA. Isto inclui moradia, como abrir contas em bancos, servi\u00e7os de transportes, documentos legais como carteira de motorista e previd\u00eancia social, etc.<br>Tudo isso para assegurar uma transi\u00e7\u00e3o perfeita para a sua nova vida nos EUA.<\/p>\n","protected":false},"excerpt":{"rendered":"<p>Desde a aceita\u00e7\u00e3o do The Nash Group como sua assessoria, supervisionamos todos os aspectos da sua homologa\u00e7\u00e3o, prepara\u00e7\u00e3o para o novo emprego, imigra\u00e7\u00e3o, assimila\u00e7\u00e3o e bem-estar cont\u00ednuo nos EUA. Isto &#8230;<\/p>\n","protected":false},"author":3,"featured_media":0,"parent":0,"menu_order":0,"comment_status":"closed","ping_status":"closed","template":"","meta":{"footnotes":""},"class_list":["post-2523","page","type-page","status-publish","hentry"],"_links":{"self":[{"href":"http:\/\/recruitment.nashgroup.com\/pt-br\/wp-json\/wp\/v2\/pages\/2523","targetHints":{"allow":["GET"]}}],"collection":[{"href":"http:\/\/recruitment.nashgroup.com\/pt-br\/wp-json\/wp\/v2\/pages"}],"about":[{"href":"http:\/\/recruitment.nashgroup.com\/pt-br\/wp-json\/wp\/v2\/types\/page"}],"author":[{"embeddable":true,"href":"http:\/\/recruitment.nashgroup.com\/pt-br\/wp-json\/wp\/v2\/users\/3"}],"replies":[{"embeddable":true,"href":"http:\/\/recruitment.nashgroup.com\/pt-br\/wp-json\/wp\/v2\/comments?post=2523"}],"version-history":[{"count":3,"href":"http:\/\/recruitment.nashgroup.com\/pt-br\/wp-json\/wp\/v2\/pages\/2523\/revisions"}],"predecessor-version":[{"id":2737,"href":"http:\/\/recruitment.nashgroup.com\/pt-br\/wp-json\/wp\/v2\/pages\/2523\/revisions\/2737"}],"wp:attachment":[{"href":"http:\/\/recruitment.nashgroup.com\/pt-br\/wp-json\/wp\/v2\/media?parent=2523"}],"curies":[{"name":"wp","href":"https:\/\/api.w.org\/{rel}","templated":true}]}}