{"id":2586,"date":"2022-01-11T21:47:42","date_gmt":"2022-01-12T03:47:42","guid":{"rendered":"https:\/\/recruitment.nashgroup.com\/immigration-questions-preguntas-de-inmigracion\/"},"modified":"2022-08-22T09:56:24","modified_gmt":"2022-08-22T14:56:24","slug":"immigration-questions-preguntas-de-inmigracion","status":"publish","type":"page","link":"http:\/\/recruitment.nashgroup.com\/es\/immigration-questions-preguntas-de-inmigracion\/","title":{"rendered":"Immigration Questions \/ Preguntas de inmigraci\u00f3n"},"content":{"rendered":"\n<div class=\"wp-block-columns is-layout-flex wp-container-core-columns-is-layout-9d6595d7 wp-block-columns-is-layout-flex\">\n<div class=\"wp-block-column is-layout-flow wp-block-column-is-layout-flow\" style=\"flex-basis:66.66%\">\n<p class=\"has-medium-font-size\">Por favor, env\u00ede sus preguntas a continuaci\u00f3n para Elissa, un abogado de inmigraci\u00f3n. Las preguntas que se env\u00eden antes de las 17:00 horas CST de EE.UU. tendr\u00e1n respuesta garantizada en el seminario web del mi\u00e9rcoles 19 de enero de 2022. Gracias  <\/p>\n<\/div>\n\n\n\n<div class=\"wp-block-column is-layout-flow wp-block-column-is-layout-flow\" style=\"flex-basis:33.33%\"><\/div>\n<\/div>\n\n<div class=\"wp-block-columns is-layout-flex wp-container-core-columns-is-layout-9d6595d7 wp-block-columns-is-layout-flex\">\n<div class=\"wp-block-column is-layout-flow wp-block-column-is-layout-flow\" style=\"flex-basis:33.33%\"><\/div>\n\n\n\n<div class=\"wp-block-column is-layout-flow wp-block-column-is-layout-flow\" style=\"flex-basis:66.66%\">\n<p class=\"has-medium-font-size\">Env\u00ede sus preguntas para Elissa, una abogada de inmigraci\u00f3n. Se garantizar\u00e1 que las preguntas enviadas antes de las 5 p. m. CST EE. UU. se responder\u00e1n en el seminario web el mi\u00e9rcoles 19 de enero de 2022. Gracias<\/p>\n<\/div>\n<\/div>\n\n<section id=\"section-f81eb203-1431-4038-95d7-887fdcdf3366\" class=\"wp-block-gutentor-divider section-f81eb203-1431-4038-95d7-887fdcdf3366 gutentor-element gutentor-section gutentor-divider text-center\"><div class=\"grid-container\"><div class=\"gutentor-divider-box\"><span><svg xmlns=\"http:\/\/www.w3.org\/2000\/svg\" viewbox=\"0 0 240 40\" preserveaspectratio=\"none\"><path d=\"M56.2 20c5.3-.1 10.6-.2 16-.3l16-.2c10.6-.1 21.3-.1 31.9-.2 10.6.1 21.3 0 31.9.1l16 .2c5.3.1 10.6.2 16 .3-5.3.1-10.6.2-16 .3l-16 .2c-10.6.1-21.3.1-31.9.1-10.6-.1-21.3 0-31.9-.2l-16-.2c-5.4.1-10.7 0-16-.1z\"><\/path><\/svg><\/span><\/div><\/div><\/section>\n<div class=\"wpforms-container wpforms-container-full\" id=\"wpforms-2028\"><form id=\"wpforms-form-2028\" class=\"wpforms-validate wpforms-form wpforms-ajax-form\" data-formid=\"2028\" method=\"post\" enctype=\"multipart\/form-data\" action=\"\/es\/wp-json\/wp\/v2\/pages\/2586\" data-token=\"be6a4723be70a9379143aa762fd3c67c\" data-token-time=\"1776234820\"><noscript class=\"wpforms-error-noscript\">Por favor, activa JavaScript en tu navegador para completar este formulario.<\/noscript><div class=\"wpforms-field-container\"><div id=\"wpforms-2028-field_0-container\" class=\"wpforms-field wpforms-field-name\" data-field-id=\"0\"><label class=\"wpforms-field-label\">Name \/ Nombre <span class=\"wpforms-required-label\">*<\/span><\/label><div class=\"wpforms-field-row wpforms-field-medium\"><div class=\"wpforms-field-row-block wpforms-first wpforms-one-half\"><input type=\"text\" id=\"wpforms-2028-field_0\" class=\"wpforms-field-name-first wpforms-field-required\" name=\"wpforms[fields][0][first]\" required><label for=\"wpforms-2028-field_0\" class=\"wpforms-field-sublabel after\">Nombre<\/label><\/div><div class=\"wpforms-field-row-block wpforms-one-half\"><input type=\"text\" id=\"wpforms-2028-field_0-last\" class=\"wpforms-field-name-last wpforms-field-required\" name=\"wpforms[fields][0][last]\" required><label for=\"wpforms-2028-field_0-last\" class=\"wpforms-field-sublabel after\">Apellidos<\/label><\/div><\/div><\/div><div id=\"wpforms-2028-field_1-container\" class=\"wpforms-field wpforms-field-email\" data-field-id=\"1\"><label class=\"wpforms-field-label\" for=\"wpforms-2028-field_1\">Email <span class=\"wpforms-required-label\">*<\/span><\/label><input type=\"email\" id=\"wpforms-2028-field_1\" class=\"wpforms-field-medium wpforms-field-required\" name=\"wpforms[fields][1]\" spellcheck=\"false\" required><\/div><div id=\"wpforms-2028-field_2-container\" class=\"wpforms-field wpforms-field-textarea\" data-field-id=\"2\"><label class=\"wpforms-field-label\" for=\"wpforms-2028-field_2\">Questions \/ Preguntas <span class=\"wpforms-required-label\">*<\/span><\/label><textarea id=\"wpforms-2028-field_2\" class=\"wpforms-field-medium wpforms-field-required\" name=\"wpforms[fields][2]\" required><\/textarea><div class=\"wpforms-field-description\">Submit your questions<\/div><\/div><\/div><!-- .wpforms-field-container --><div class=\"wpforms-submit-container\" ><input type=\"hidden\" name=\"wpforms[id]\" value=\"2028\"><input type=\"hidden\" name=\"page_title\" value=\"\"><input type=\"hidden\" name=\"page_url\" value=\"http:\/\/recruitment.nashgroup.com\/es\/wp-json\/wp\/v2\/pages\/2586\"><input type=\"hidden\" name=\"url_referer\" value=\"\"><button type=\"submit\" name=\"wpforms[submit]\" id=\"wpforms-submit-2028\" class=\"wpforms-submit\" data-alt-text=\"Sending...\" data-submit-text=\"Submit\" aria-live=\"assertive\" value=\"wpforms-submit\">Submit<\/button><img loading=\"lazy\" decoding=\"async\" src=\"http:\/\/recruitment.nashgroup.com\/wp-content\/plugins\/wpforms-lite\/assets\/images\/submit-spin.svg\" class=\"wpforms-submit-spinner\" style=\"display: none;\" width=\"26\" height=\"26\" alt=\"Cargando\"><\/div><\/form><\/div>  <!-- .wpforms-container -->\n\n<p><\/p>\n","protected":false},"excerpt":{"rendered":"<p>Por favor, env\u00ede sus preguntas a continuaci\u00f3n para Elissa, un abogado de inmigraci\u00f3n. Las preguntas que se env\u00eden antes de las 17:00 horas CST de EE.UU. tendr\u00e1n respuesta garantizada en &#8230;<\/p>\n","protected":false},"author":3,"featured_media":0,"parent":0,"menu_order":0,"comment_status":"closed","ping_status":"closed","template":"","meta":{"footnotes":""},"class_list":["post-2586","page","type-page","status-publish","hentry"],"_links":{"self":[{"href":"http:\/\/recruitment.nashgroup.com\/es\/wp-json\/wp\/v2\/pages\/2586","targetHints":{"allow":["GET"]}}],"collection":[{"href":"http:\/\/recruitment.nashgroup.com\/es\/wp-json\/wp\/v2\/pages"}],"about":[{"href":"http:\/\/recruitment.nashgroup.com\/es\/wp-json\/wp\/v2\/types\/page"}],"author":[{"embeddable":true,"href":"http:\/\/recruitment.nashgroup.com\/es\/wp-json\/wp\/v2\/users\/3"}],"replies":[{"embeddable":true,"href":"http:\/\/recruitment.nashgroup.com\/es\/wp-json\/wp\/v2\/comments?post=2586"}],"version-history":[{"count":1,"href":"http:\/\/recruitment.nashgroup.com\/es\/wp-json\/wp\/v2\/pages\/2586\/revisions"}],"predecessor-version":[{"id":2587,"href":"http:\/\/recruitment.nashgroup.com\/es\/wp-json\/wp\/v2\/pages\/2586\/revisions\/2587"}],"wp:attachment":[{"href":"http:\/\/recruitment.nashgroup.com\/es\/wp-json\/wp\/v2\/media?parent=2586"}],"curies":[{"name":"wp","href":"https:\/\/api.w.org\/{rel}","templated":true}]}}