{"id":2560,"date":"2021-09-29T17:42:57","date_gmt":"2021-09-29T22:42:57","guid":{"rendered":"https:\/\/recruitment.nashgroup.com\/todas-nuestras-enfermeras-cuentan-con-el-apoyo-de-profesionales-sanitarios-expertos\/"},"modified":"2022-08-26T15:50:34","modified_gmt":"2022-08-26T20:50:34","slug":"todas-nuestras-enfermeras-cuentan-con-el-apoyo-de-profesionales-sanitarios-expertos","status":"publish","type":"page","link":"http:\/\/recruitment.nashgroup.com\/es\/todas-nuestras-enfermeras-cuentan-con-el-apoyo-de-profesionales-sanitarios-expertos\/","title":{"rendered":"Todas nuestras enfermeras cuentan con el apoyo de profesionales expertos de la salud"},"content":{"rendered":"\n<p>Queremos que nuestras enfermeras sepan que somos expertos en el campo de la contrataci\u00f3n. Nuestro equipo est\u00e1 comprometido y tiene amplios conocimientos sobre cada parte de su trayectoria profesional en Estados Unidos, desde las pol\u00edticas de inmigraci\u00f3n hasta la legislaci\u00f3n. Desde el momento de su compromiso con The Nash Group le proporcionaremos apoyo durante todo el proceso. Esto incluye la asociaci\u00f3n para las necesidades educativas, la cumplimentaci\u00f3n de la documentaci\u00f3n, la preparaci\u00f3n de la entrevista y la selecci\u00f3n del hospital.<\/p>\n","protected":false},"excerpt":{"rendered":"<p>Queremos que nuestras enfermeras sepan que somos expertos en el campo de la contrataci\u00f3n. Nuestro equipo est\u00e1 comprometido y tiene amplios conocimientos sobre cada parte de su trayectoria profesional en &#8230;<\/p>\n","protected":false},"author":3,"featured_media":0,"parent":0,"menu_order":0,"comment_status":"closed","ping_status":"closed","template":"","meta":{"footnotes":""},"class_list":["post-2560","page","type-page","status-publish","hentry"],"_links":{"self":[{"href":"http:\/\/recruitment.nashgroup.com\/es\/wp-json\/wp\/v2\/pages\/2560","targetHints":{"allow":["GET"]}}],"collection":[{"href":"http:\/\/recruitment.nashgroup.com\/es\/wp-json\/wp\/v2\/pages"}],"about":[{"href":"http:\/\/recruitment.nashgroup.com\/es\/wp-json\/wp\/v2\/types\/page"}],"author":[{"embeddable":true,"href":"http:\/\/recruitment.nashgroup.com\/es\/wp-json\/wp\/v2\/users\/3"}],"replies":[{"embeddable":true,"href":"http:\/\/recruitment.nashgroup.com\/es\/wp-json\/wp\/v2\/comments?post=2560"}],"version-history":[{"count":2,"href":"http:\/\/recruitment.nashgroup.com\/es\/wp-json\/wp\/v2\/pages\/2560\/revisions"}],"predecessor-version":[{"id":2758,"href":"http:\/\/recruitment.nashgroup.com\/es\/wp-json\/wp\/v2\/pages\/2560\/revisions\/2758"}],"wp:attachment":[{"href":"http:\/\/recruitment.nashgroup.com\/es\/wp-json\/wp\/v2\/media?parent=2560"}],"curies":[{"name":"wp","href":"https:\/\/api.w.org\/{rel}","templated":true}]}}