{"id":2541,"date":"2021-09-29T17:43:25","date_gmt":"2021-09-29T22:43:25","guid":{"rendered":"https:\/\/recruitment.nashgroup.com\/sin-tasas\/"},"modified":"2022-08-26T15:49:17","modified_gmt":"2022-08-26T20:49:17","slug":"sin-tasas","status":"publish","type":"page","link":"http:\/\/recruitment.nashgroup.com\/es\/sin-tasas\/","title":{"rendered":"Sin tasas"},"content":{"rendered":"\n<p>The Nash Group NO cobra ninguna comisi\u00f3n. No se le descontar\u00e1 ning\u00fan dinero de su sueldo una vez que est\u00e9 trabajando en Estados Unidos. Esto forma parte de nuestro compromiso con usted. <\/p>\n","protected":false},"excerpt":{"rendered":"<p>The Nash Group NO cobra ninguna comisi\u00f3n. No se le descontar\u00e1 ning\u00fan dinero de su sueldo una vez que est\u00e9 trabajando en Estados Unidos. Esto forma parte de nuestro compromiso &#8230;<\/p>\n","protected":false},"author":3,"featured_media":0,"parent":0,"menu_order":0,"comment_status":"closed","ping_status":"closed","template":"","meta":{"footnotes":""},"class_list":["post-2541","page","type-page","status-publish","hentry"],"_links":{"self":[{"href":"http:\/\/recruitment.nashgroup.com\/es\/wp-json\/wp\/v2\/pages\/2541","targetHints":{"allow":["GET"]}}],"collection":[{"href":"http:\/\/recruitment.nashgroup.com\/es\/wp-json\/wp\/v2\/pages"}],"about":[{"href":"http:\/\/recruitment.nashgroup.com\/es\/wp-json\/wp\/v2\/types\/page"}],"author":[{"embeddable":true,"href":"http:\/\/recruitment.nashgroup.com\/es\/wp-json\/wp\/v2\/users\/3"}],"replies":[{"embeddable":true,"href":"http:\/\/recruitment.nashgroup.com\/es\/wp-json\/wp\/v2\/comments?post=2541"}],"version-history":[{"count":2,"href":"http:\/\/recruitment.nashgroup.com\/es\/wp-json\/wp\/v2\/pages\/2541\/revisions"}],"predecessor-version":[{"id":2756,"href":"http:\/\/recruitment.nashgroup.com\/es\/wp-json\/wp\/v2\/pages\/2541\/revisions\/2756"}],"wp:attachment":[{"href":"http:\/\/recruitment.nashgroup.com\/es\/wp-json\/wp\/v2\/media?parent=2541"}],"curies":[{"name":"wp","href":"https:\/\/api.w.org\/{rel}","templated":true}]}}