{"id":2525,"date":"2021-11-10T17:28:44","date_gmt":"2021-11-10T23:28:44","guid":{"rendered":"https:\/\/recruitment.nashgroup.com\/transicion-a-su-nueva-carrera-en-ee-uu\/"},"modified":"2022-08-19T16:24:07","modified_gmt":"2022-08-19T21:24:07","slug":"transicion-a-su-nueva-carrera-en-ee-uu","status":"publish","type":"page","link":"http:\/\/recruitment.nashgroup.com\/es\/transicion-a-su-nueva-carrera-en-ee-uu\/","title":{"rendered":"Transici\u00f3n a su nueva carrera en EE.UU."},"content":{"rendered":"\n<p>Desde su aceptaci\u00f3n para trabajar con The Nash Group, supervisamos todos los aspectos de su acreditaci\u00f3n, preparaci\u00f3n para el empleo, inmigraci\u00f3n, asimilaci\u00f3n y bienestar continuo en los EE.UU. Esto incluye alojamiento, arreglos bancarios y de transporte, documentos legales como la licencia de conducir y la seguridad social para asegurar una transici\u00f3n sin problemas a su nueva vida en los EE.UU.<\/p>\n","protected":false},"excerpt":{"rendered":"<p>Desde su aceptaci\u00f3n para trabajar con The Nash Group, supervisamos todos los aspectos de su acreditaci\u00f3n, preparaci\u00f3n para el empleo, inmigraci\u00f3n, asimilaci\u00f3n y bienestar continuo en los EE.UU. Esto incluye &#8230;<\/p>\n","protected":false},"author":3,"featured_media":0,"parent":0,"menu_order":0,"comment_status":"closed","ping_status":"closed","template":"","meta":{"footnotes":""},"class_list":["post-2525","page","type-page","status-publish","hentry"],"_links":{"self":[{"href":"http:\/\/recruitment.nashgroup.com\/es\/wp-json\/wp\/v2\/pages\/2525","targetHints":{"allow":["GET"]}}],"collection":[{"href":"http:\/\/recruitment.nashgroup.com\/es\/wp-json\/wp\/v2\/pages"}],"about":[{"href":"http:\/\/recruitment.nashgroup.com\/es\/wp-json\/wp\/v2\/types\/page"}],"author":[{"embeddable":true,"href":"http:\/\/recruitment.nashgroup.com\/es\/wp-json\/wp\/v2\/users\/3"}],"replies":[{"embeddable":true,"href":"http:\/\/recruitment.nashgroup.com\/es\/wp-json\/wp\/v2\/comments?post=2525"}],"version-history":[{"count":1,"href":"http:\/\/recruitment.nashgroup.com\/es\/wp-json\/wp\/v2\/pages\/2525\/revisions"}],"predecessor-version":[{"id":2526,"href":"http:\/\/recruitment.nashgroup.com\/es\/wp-json\/wp\/v2\/pages\/2525\/revisions\/2526"}],"wp:attachment":[{"href":"http:\/\/recruitment.nashgroup.com\/es\/wp-json\/wp\/v2\/media?parent=2525"}],"curies":[{"name":"wp","href":"https:\/\/api.w.org\/{rel}","templated":true}]}}